{"id":2156,"date":"2021-10-21T11:10:10","date_gmt":"2021-10-21T10:10:10","guid":{"rendered":"https:\/\/motorsporttickets.com\/blog\/?page_id=2156"},"modified":"2021-10-21T11:10:10","modified_gmt":"2021-10-21T10:10:10","slug":"sondaggio-a-premi-motorsport-tickets-termini-e-condizioni","status":"publish","type":"page","link":"https:\/\/motorsporttickets.com\/blog\/sondaggio-a-premi-motorsport-tickets-termini-e-condizioni\/","title":{"rendered":"Sondaggio a Premi Motorsport Tickets | Termini e Condizioni"},"content":{"rendered":"\n<p><strong>Concorsi di Motorsport Tickets | Termini e Condizioni<\/strong><\/p>\n\n\n\n<p><strong>1. INTRODUZIONE<\/strong><\/p>\n\n\n\n<p>1.1. Questi Termini e Condizioni sono applicabili al Sondaggio Esperienza Motorsport Tickets (il \u201cConcorso\u201d) organizzato da Motorsport Tickets, nome commerciale di Bookf1.com Limited, una societ\u00e0 a responsabilit\u00e0 limitata con sede nel Regno Unito al seguente indirizzo: Suite 31, Beaufort Court, Admirals Way, Londra, E14 9XL, e le sue societ\u00e0 sussidiarie (\u201cNostre\u201d, \u201cNoi\u201d e \u201cCi\u201d) attraverso il canale social Instagram @MotorsportTickets (la \u201cPiattaforma\u201d o le \u201cPiattaforme\u201d).&nbsp;&nbsp; &nbsp;&nbsp;<\/p>\n\n\n\n<p>1.2. Ti consigliamo di leggere questi Termini e Condizioni (i\u201dTermini\u201d) attentamente. Questi Termini spiegano chi pu\u00f2 partecipare al Concorso, come funziona il Concorso, i premi disponibili e qualsiasi altro importante termine che riguarda il Concorso. Registrandoti al Concorso, accetti questi termini e di doverli rispettare.<\/p>\n\n\n\n<p>1.3. Tutte le registrazioni effettuate che non rispettano questi Termini non verranno accettate e saranno squalificate.<\/p>\n\n\n\n<p>1.4. Ci impegniamo a proteggere la tua privacy e i dati personali non verranno raccolti, se non per contattare il vincitore. Per il vincitore, l\u2019uso dei dati personali avverr\u00e0 nel rispetto di questi Termini, della nostra Informativa sulla Privacy , disponibile su <a href=\"https:\/\/t-car.motorsporttickets.com\/it-it\/help\/privacy-policy\">https:\/\/t-car.motorsporttickets.com\/it-it\/help\/privacy-policy<\/a>, e dell\u2019appendice situato sopra (insieme \u201cl\u2019Informativa sulla Privacy\u201d). Questa Informativa sulla Privacy regola come possiamo usare i dati personali che raccogliamo da te.<\/p>\n\n\n\n<p>1.5. Se ti registri al Concorso rispettando questi Termini potresti vincere un Buono Regalo Amazon del valore di \u20ac50. Registrandoti al Concorso confermi che hai i requisiti per ricevere il Premio.<\/p>\n\n\n\n<p><strong>2. DIRITTO DI PARTECIPARE<\/strong><\/p>\n\n\n\n<p>2.1. Questo Concorso \u00e8 aperto a tutti i mercati. I partecipanti devono avere almeno 18 anni compiuti al momento della registrazione e devono potersi attenere a questi Termini.<\/p>\n\n\n\n<p>2.2. Il Concorso non \u00e8 aperto ai Nostri dipendenti, agenti o direttori (o i membri delle loro famiglie) , o nessuna delle societ\u00e0 a Noi associate o sussidiarie o nessuna agenzia pubblicitaria o nessun altro connesso professionalmente a Noi o al Concorso.<\/p>\n\n\n\n<p>2.3. Puoi registrarti al Concorso quante volte vuoi. Registrazioni multiple non verranno squalificate. Registrazioni di terzi, automatiche, di massa o registrazioni effettuate da agenti saranno considerate non valide, squalificate e non verranno accettate. Non accettiamo nessuna responsabilit\u00e0 per le registrazioni effettuate senza successo.<\/p>\n\n\n\n<p>2.4. Ci riserviamo il diritto di verificare il diritto a partecipare dei partecipanti. Potremmo richiedere le informazioni che consideriamo ragionevoli necessarie a verificare il diritto a partecipare dei partecipanti, incluso ma non limitato a informazioni come un documento d\u2019identit\u00e0 per verificate l\u2019et\u00e0 e\/o la residenza. I Premi potrebbero essere trattenuti fino a quando non siamo soddisfatti con la verifica.<\/p>\n\n\n\n<p><strong>3. REQUISITI PER LA REGISTRAZIONE<\/strong><\/p>\n\n\n\n<p>3.1. Il vincitore sar\u00e0 sorteggiato il 14 dicembre 2021.<\/p>\n\n\n\n<p>3.2. La registrazione avviene completando la domanda finale del Sondaggio Esperienza Motorsport Tickets sul Gran Premio degli Stati Uniti o sulla MotoGP di Valencia. Completandolo, acconsenti di essere contattato all\u2019indirizzo email fornito per motivi riguardanti in concorso.<\/p>\n\n\n\n<p>3.3. Non \u00e8 necessario effettuare nessun acquisto per registrarsi al concorso, a meno che questo non sia specificato sopra. Le probabilit\u00e0 di vincere dipendono dal numero di registrazioni aventi diritto ricevute. La conferma di registrazione non \u00e8 automaticamente conferma di diritto.<\/p>\n\n\n\n<p><strong>4. VINCITORE<\/strong><\/p>\n\n\n\n<p>4.1. Il vincitore sar\u00e0 estratto tra le registrazioni che rispettano questi Termini.<\/p>\n\n\n\n<p>4.2. Il vincitore del Premio sar\u00e0 estratto da giudici indipendenti. La decisione dei giudici non pu\u00f2 essere cambiata e non risponderemo a nessun reclamo al riguardo. Nome e cognome dei giudici \u00e8 disponibile su richiesta.&nbsp; &nbsp;&nbsp;&nbsp;&nbsp;&nbsp;&nbsp;&nbsp;&nbsp;&nbsp;&nbsp;&nbsp;<\/p>\n\n\n\n<p>4.3. Il vincitore verr\u00e0 informato per iscritto all\u2019indirizzo email fornito durante il sondaggio. Un documento d\u2019identit\u00e0 potrebbe essere richiesto. Il vincitore ha il diritto di non accettare il Premio entro 5 giorni dal ricevimento della notifica. In questo caso, il vincitore rinuncia a qualsiasi diritto al Premio e un altro vincitore verr\u00e0 estratto. Se il vincitore non si mette in contatto con Noi per ricevere il Premio entro 5 giorni dalla ricezione della notifica, o se la notifica \u00e8 confermata come non consegnata e\/o il profilo Instagram che ha caricato la foto non esiste pi\u00f9 verr\u00e0 considerato come aver rinunciato a qualsiasi diritto al Premio e un altro vincitore verr\u00e0 estratto. Per chiarezza, per ricezione viene inteso l\u2019invio di un\u2019email di notifica all\u2019indirizzo email fornito.<\/p>\n\n\n\n<p>4.4. Riserviamo il diritto a svelare il nome del vincitore e la sua citt\u00e0 di residenza e di usare qualsiasi o tutte le immagini sulle quali siamo stati taggati per ragioni di marketing. La rivelazione del vincitore avverr\u00e0 su motorsporttickets.com (pagina internazionale o locale). Registrandoti al concorso permetti la rivelazione di questo in caso sia il vincitore. Ti invitiamo a leggere la nostra Informativa sulla Privacy per maggiori informazioni su come usiamo i tuoi dati personali.<\/p>\n\n\n\n<p><strong>5. PREMIO<\/strong><\/p>\n\n\n\n<p>5.1. Il Premio verr\u00e0 consegnato per email all\u2019indirizzo da te fornito. Il Premio non pu\u00f2 essere sostituito o convertito in contanti e non \u00e8 trasferibile.<\/p>\n\n\n\n<p>5.2. Nel caso in cui, per motivi al di fuori del nostro controllo, non riusciamo a consegnare parte o l\u2019intero Premio al vincitore, potremo sostituire l\u2019intero Premio, o una parte, con un Premio alternativo ragionevole nominato da Noi.<\/p>\n\n\n\n<p>5.3. Il Premio \u00e8 un Buono Regalo Amazon da \u20ac50.<\/p>\n\n\n\n<p><strong>6. LIMITAZIONE DI RESPONSABILIT\u00c0<\/strong><\/p>\n\n\n\n<p>6.1. Non accettiamo nessuna responsabilit\u00e0 per eventuali costi da te sostenuti per registrarti al Concorso (indipendentemente dal fatto se la registrazione avvenga con successo o no) o per permetterti di partecipare al Concorso. Non accettiamo responsabilit\u00e0 per nessun danno, perdita, infortunio o delusione sostenute dai partecipanti registrandosi al Concorso o come conseguenza dell\u2019accettazione del Premio. Questa clausola non limita o esclude la Nostra responsabilit\u00e0 per morte o infortunio che risulti da negligenza da parte Nostra. Niente in questi Termini pregiudica i diritti a cui potresti aver diritto come cliente. &nbsp;&nbsp;&nbsp;&nbsp;&nbsp;&nbsp;&nbsp;&nbsp;&nbsp;&nbsp;<\/p>\n\n\n\n<p><strong>7. LEGGI APPLICABILI<\/strong><\/p>\n\n\n\n<p>Questi termini e Condizioni sono regolati ed interpretati ai sensi delle leggi dell\u2019Inghilterra e del Galles e qualsiasi disputa che deriva da essi sar\u00e0 soggetta alla giurisdizione non-esclusiva delle corti inglesi.<\/p>\n\n\n\n<p><strong>8. DOMANDE<\/strong><\/p>\n\n\n\n<p>8.1 Per qualsiasi domanda, commento o informazioni contattare <a href=\"mailto:help@motorsporttickets.com\">help@motorsporttickets.com<\/a>.<\/p>\n\n\n\n<p>8.2 Tutte le domande riguardo al Concorso (incluse le richieste del nome del vincitore) devono essere ricevute entro 28 giorni dalla chiusura del Concorso.<\/p>\n","protected":false},"excerpt":{"rendered":"<p>Concorsi di Motorsport Tickets | Termini e Condizioni 1. INTRODUZIONE 1.1. Questi Termini e Condizioni sono applicabili al Sondaggio Esperienza Motorsport Tickets (il \u201cConcorso\u201d) organizzato da Motorsport Tickets, nome commerciale di Bookf1.com Limited, una societ\u00e0 a responsabilit\u00e0 limitata con sede nel Regno Unito al seguente indirizzo: Suite 31, Beaufort Court, Admirals Way, Londra, E14 9XL, [&hellip;]<\/p>\n","protected":false},"author":2,"featured_media":0,"parent":0,"menu_order":0,"comment_status":"closed","ping_status":"closed","template":"","meta":{"_acf_changed":false,"ub_ctt_via":"","footnotes":""},"class_list":["post-2156","page","type-page","status-publish","hentry"],"featured_image_src":null,"acf":[],"yoast_head":"<!-- This site is optimized with the Yoast SEO plugin v21.4 - https:\/\/yoast.com\/wordpress\/plugins\/seo\/ -->\n<title>Sondaggio a Premi Motorsport Tickets | Termini e Condizioni<\/title>\n<meta name=\"robots\" content=\"index, follow, max-snippet:-1, max-image-preview:large, max-video-preview:-1\" \/>\n<link rel=\"canonical\" href=\"https:\/\/motorsporttickets.com\/blog\/sondaggio-a-premi-motorsport-tickets-termini-e-condizioni\/\" \/>\n<meta property=\"og:locale\" content=\"en_GB\" \/>\n<meta property=\"og:type\" content=\"article\" \/>\n<meta property=\"og:title\" content=\"Sondaggio a Premi Motorsport Tickets | Termini e Condizioni\" \/>\n<meta property=\"og:description\" content=\"Concorsi di Motorsport Tickets | Termini e Condizioni 1. INTRODUZIONE 1.1. Questi Termini e Condizioni sono applicabili al Sondaggio Esperienza Motorsport Tickets (il \u201cConcorso\u201d) organizzato da Motorsport Tickets, nome commerciale di Bookf1.com Limited, una societ\u00e0 a responsabilit\u00e0 limitata con sede nel Regno Unito al seguente indirizzo: Suite 31, Beaufort Court, Admirals Way, Londra, E14 9XL, [&hellip;]\" \/>\n<meta property=\"og:url\" content=\"https:\/\/motorsporttickets.com\/blog\/sondaggio-a-premi-motorsport-tickets-termini-e-condizioni\/\" \/>\n<meta property=\"og:site_name\" content=\"Motorsport Tickets Blog\" \/>\n<meta name=\"twitter:card\" content=\"summary_large_image\" \/>\n<script type=\"application\/ld+json\" class=\"yoast-schema-graph\">{\"@context\":\"https:\/\/schema.org\",\"@graph\":[{\"@type\":\"WebPage\",\"@id\":\"https:\/\/motorsporttickets.com\/blog\/sondaggio-a-premi-motorsport-tickets-termini-e-condizioni\/\",\"url\":\"https:\/\/motorsporttickets.com\/blog\/sondaggio-a-premi-motorsport-tickets-termini-e-condizioni\/\",\"name\":\"Sondaggio a Premi Motorsport Tickets | Termini e Condizioni\",\"isPartOf\":{\"@id\":\"https:\/\/motorsporttickets.com\/blog\/#website\"},\"datePublished\":\"2021-10-21T10:10:10+00:00\",\"dateModified\":\"2021-10-21T10:10:10+00:00\",\"breadcrumb\":{\"@id\":\"https:\/\/motorsporttickets.com\/blog\/sondaggio-a-premi-motorsport-tickets-termini-e-condizioni\/#breadcrumb\"},\"inLanguage\":\"en-GB\",\"potentialAction\":[{\"@type\":\"ReadAction\",\"target\":[\"https:\/\/motorsporttickets.com\/blog\/sondaggio-a-premi-motorsport-tickets-termini-e-condizioni\/\"]}]},{\"@type\":\"BreadcrumbList\",\"@id\":\"https:\/\/motorsporttickets.com\/blog\/sondaggio-a-premi-motorsport-tickets-termini-e-condizioni\/#breadcrumb\",\"itemListElement\":[{\"@type\":\"ListItem\",\"position\":1,\"name\":\"Home\",\"item\":\"https:\/\/motorsporttickets.com\/blog\/\"},{\"@type\":\"ListItem\",\"position\":2,\"name\":\"Sondaggio a Premi Motorsport Tickets | Termini e Condizioni\"}]},{\"@type\":\"WebSite\",\"@id\":\"https:\/\/motorsporttickets.com\/blog\/#website\",\"url\":\"https:\/\/motorsporttickets.com\/blog\/\",\"name\":\"Motorsport Tickets Blog\",\"description\":\"Motorsport Tickets Blog\",\"publisher\":{\"@id\":\"https:\/\/motorsporttickets.com\/blog\/#organization\"},\"potentialAction\":[{\"@type\":\"SearchAction\",\"target\":{\"@type\":\"EntryPoint\",\"urlTemplate\":\"https:\/\/motorsporttickets.com\/blog\/?s={search_term_string}\"},\"query-input\":\"required name=search_term_string\"}],\"inLanguage\":\"en-GB\"},{\"@type\":\"Organization\",\"@id\":\"https:\/\/motorsporttickets.com\/blog\/#organization\",\"name\":\"Motorsport\",\"url\":\"https:\/\/motorsporttickets.com\/blog\/\",\"logo\":{\"@type\":\"ImageObject\",\"inLanguage\":\"en-GB\",\"@id\":\"https:\/\/motorsporttickets.com\/blog\/#\/schema\/logo\/image\/\",\"url\":\"https:\/\/motorsporttickets.com\/blog\/wp-content\/uploads\/2020\/08\/MST-roundel-1.png\",\"contentUrl\":\"https:\/\/motorsporttickets.com\/blog\/wp-content\/uploads\/2020\/08\/MST-roundel-1.png\",\"width\":512,\"height\":512,\"caption\":\"Motorsport\"},\"image\":{\"@id\":\"https:\/\/motorsporttickets.com\/blog\/#\/schema\/logo\/image\/\"}}]}<\/script>\n<!-- \/ Yoast SEO plugin. -->","yoast_head_json":{"title":"Sondaggio a Premi Motorsport Tickets | Termini e Condizioni","robots":{"index":"index","follow":"follow","max-snippet":"max-snippet:-1","max-image-preview":"max-image-preview:large","max-video-preview":"max-video-preview:-1"},"canonical":"https:\/\/motorsporttickets.com\/blog\/sondaggio-a-premi-motorsport-tickets-termini-e-condizioni\/","og_locale":"en_GB","og_type":"article","og_title":"Sondaggio a Premi Motorsport Tickets | Termini e Condizioni","og_description":"Concorsi di Motorsport Tickets | Termini e Condizioni 1. INTRODUZIONE 1.1. Questi Termini e Condizioni sono applicabili al Sondaggio Esperienza Motorsport Tickets (il \u201cConcorso\u201d) organizzato da Motorsport Tickets, nome commerciale di Bookf1.com Limited, una societ\u00e0 a responsabilit\u00e0 limitata con sede nel Regno Unito al seguente indirizzo: Suite 31, Beaufort Court, Admirals Way, Londra, E14 9XL, [&hellip;]","og_url":"https:\/\/motorsporttickets.com\/blog\/sondaggio-a-premi-motorsport-tickets-termini-e-condizioni\/","og_site_name":"Motorsport Tickets Blog","twitter_card":"summary_large_image","schema":{"@context":"https:\/\/schema.org","@graph":[{"@type":"WebPage","@id":"https:\/\/motorsporttickets.com\/blog\/sondaggio-a-premi-motorsport-tickets-termini-e-condizioni\/","url":"https:\/\/motorsporttickets.com\/blog\/sondaggio-a-premi-motorsport-tickets-termini-e-condizioni\/","name":"Sondaggio a Premi Motorsport Tickets | Termini e Condizioni","isPartOf":{"@id":"https:\/\/motorsporttickets.com\/blog\/#website"},"datePublished":"2021-10-21T10:10:10+00:00","dateModified":"2021-10-21T10:10:10+00:00","breadcrumb":{"@id":"https:\/\/motorsporttickets.com\/blog\/sondaggio-a-premi-motorsport-tickets-termini-e-condizioni\/#breadcrumb"},"inLanguage":"en-GB","potentialAction":[{"@type":"ReadAction","target":["https:\/\/motorsporttickets.com\/blog\/sondaggio-a-premi-motorsport-tickets-termini-e-condizioni\/"]}]},{"@type":"BreadcrumbList","@id":"https:\/\/motorsporttickets.com\/blog\/sondaggio-a-premi-motorsport-tickets-termini-e-condizioni\/#breadcrumb","itemListElement":[{"@type":"ListItem","position":1,"name":"Home","item":"https:\/\/motorsporttickets.com\/blog\/"},{"@type":"ListItem","position":2,"name":"Sondaggio a Premi Motorsport Tickets | Termini e Condizioni"}]},{"@type":"WebSite","@id":"https:\/\/motorsporttickets.com\/blog\/#website","url":"https:\/\/motorsporttickets.com\/blog\/","name":"Motorsport Tickets Blog","description":"Motorsport Tickets Blog","publisher":{"@id":"https:\/\/motorsporttickets.com\/blog\/#organization"},"potentialAction":[{"@type":"SearchAction","target":{"@type":"EntryPoint","urlTemplate":"https:\/\/motorsporttickets.com\/blog\/?s={search_term_string}"},"query-input":"required name=search_term_string"}],"inLanguage":"en-GB"},{"@type":"Organization","@id":"https:\/\/motorsporttickets.com\/blog\/#organization","name":"Motorsport","url":"https:\/\/motorsporttickets.com\/blog\/","logo":{"@type":"ImageObject","inLanguage":"en-GB","@id":"https:\/\/motorsporttickets.com\/blog\/#\/schema\/logo\/image\/","url":"https:\/\/motorsporttickets.com\/blog\/wp-content\/uploads\/2020\/08\/MST-roundel-1.png","contentUrl":"https:\/\/motorsporttickets.com\/blog\/wp-content\/uploads\/2020\/08\/MST-roundel-1.png","width":512,"height":512,"caption":"Motorsport"},"image":{"@id":"https:\/\/motorsporttickets.com\/blog\/#\/schema\/logo\/image\/"}}]}},"_links":{"self":[{"href":"https:\/\/motorsporttickets.com\/blog\/wp-json\/wp\/v2\/pages\/2156"}],"collection":[{"href":"https:\/\/motorsporttickets.com\/blog\/wp-json\/wp\/v2\/pages"}],"about":[{"href":"https:\/\/motorsporttickets.com\/blog\/wp-json\/wp\/v2\/types\/page"}],"author":[{"embeddable":true,"href":"https:\/\/motorsporttickets.com\/blog\/wp-json\/wp\/v2\/users\/2"}],"replies":[{"embeddable":true,"href":"https:\/\/motorsporttickets.com\/blog\/wp-json\/wp\/v2\/comments?post=2156"}],"version-history":[{"count":1,"href":"https:\/\/motorsporttickets.com\/blog\/wp-json\/wp\/v2\/pages\/2156\/revisions"}],"predecessor-version":[{"id":2157,"href":"https:\/\/motorsporttickets.com\/blog\/wp-json\/wp\/v2\/pages\/2156\/revisions\/2157"}],"wp:attachment":[{"href":"https:\/\/motorsporttickets.com\/blog\/wp-json\/wp\/v2\/media?parent=2156"}],"curies":[{"name":"wp","href":"https:\/\/api.w.org\/{rel}","templated":true}]}}